{"id":2,"date":"2018-11-27T16:43:46","date_gmt":"2018-11-27T16:43:46","guid":{"rendered":"http:\/\/www.new.dynamiqueauto.com\/?page_id=2"},"modified":"2023-05-30T22:20:15","modified_gmt":"2023-05-31T02:20:15","slug":"about","status":"publish","type":"page","link":"https:\/\/dynamiqueautoson-performance.com\/fr\/about\/","title":{"rendered":"\u00c0 propos"},"content":{"rendered":"<div data-elementor-type=\"wp-post\" data-elementor-id=\"2\" class=\"elementor elementor-2\">\n\t\t\t\t\t\t<section class=\"elementor-section elementor-top-section elementor-element elementor-element-deb26c8 elementor-section-boxed elementor-section-height-default elementor-section-height-default\" data-id=\"deb26c8\" data-element_type=\"section\" data-e-type=\"section\" data-settings=\"{&quot;background_background&quot;:&quot;classic&quot;,&quot;shape_divider_bottom&quot;:&quot;opacity-fan&quot;}\">\n\t\t\t\t\t\t\t<div class=\"elementor-background-overlay\"><\/div>\n\t\t\t\t\t\t<div class=\"elementor-shape elementor-shape-bottom\" aria-hidden=\"true\" data-negative=\"false\">\n\t\t\t<svg xmlns=\"http:\/\/www.w3.org\/2000\/svg\" viewbox=\"0 0 283.5 19.6\" preserveaspectratio=\"none\">\n\t<path class=\"elementor-shape-fill\" style=\"opacity:0.33\" d=\"M0 0L0 18.8 141.8 4.1 283.5 18.8 283.5 0z\"\/>\n\t<path class=\"elementor-shape-fill\" style=\"opacity:0.33\" d=\"M0 0L0 12.6 141.8 4 283.5 12.6 283.5 0z\"\/>\n\t<path class=\"elementor-shape-fill\" style=\"opacity:0.33\" d=\"M0 0L0 6.4 141.8 4 283.5 6.4 283.5 0z\"\/>\n\t<path class=\"elementor-shape-fill\" d=\"M0 0L0 1.2 141.8 4 283.5 1.2 283.5 0z\"\/>\n<\/svg>\t\t<\/div>\n\t\t\t\t\t<div class=\"elementor-container elementor-column-gap-default\">\n\t\t\t\t\t<div class=\"elementor-column elementor-col-100 elementor-top-column elementor-element elementor-element-7abf35d\" data-id=\"7abf35d\" data-element_type=\"column\" data-e-type=\"column\">\n\t\t\t<div class=\"elementor-widget-wrap elementor-element-populated\">\n\t\t\t\t\t\t<div class=\"elementor-element elementor-element-ffd0134 elementor-widget elementor-widget-heading\" data-id=\"ffd0134\" data-element_type=\"widget\" data-e-type=\"widget\" data-widget_type=\"heading.default\">\n\t\t\t\t<div class=\"elementor-widget-container\">\n\t\t\t\t\t<h2 class=\"elementor-heading-title elementor-size-default\">\u00c0 propos<\/h2>\t\t\t\t<\/div>\n\t\t\t\t<\/div>\n\t\t\t\t<div class=\"elementor-element elementor-element-eae6673 elementor-widget-divider--view-line elementor-widget elementor-widget-divider\" data-id=\"eae6673\" data-element_type=\"widget\" data-e-type=\"widget\" data-widget_type=\"divider.default\">\n\t\t\t\t<div class=\"elementor-widget-container\">\n\t\t\t\t\t\t\t<div class=\"elementor-divider\">\n\t\t\t<span class=\"elementor-divider-separator\">\n\t\t\t\t\t\t<\/span>\n\t\t<\/div>\n\t\t\t\t\t\t<\/div>\n\t\t\t\t<\/div>\n\t\t\t\t<div class=\"elementor-element elementor-element-552a20b elementor-widget elementor-widget-text-editor\" data-id=\"552a20b\" data-element_type=\"widget\" data-e-type=\"widget\" data-widget_type=\"text-editor.default\">\n\t\t\t\t<div class=\"elementor-widget-container\">\n\t\t\t\t\t\t\t\t\t<p>Notre Histoire<\/p>\t\t\t\t\t\t\t\t<\/div>\n\t\t\t\t<\/div>\n\t\t\t\t\t<\/div>\n\t\t<\/div>\n\t\t\t\t\t<\/div>\n\t\t<\/section>\n\t\t\t\t<section class=\"elementor-section elementor-top-section elementor-element elementor-element-5b5bf3b2 elementor-section-boxed elementor-section-height-default elementor-section-height-default\" data-id=\"5b5bf3b2\" data-element_type=\"section\" data-e-type=\"section\" data-settings=\"{&quot;background_background&quot;:&quot;gradient&quot;,&quot;shape_divider_bottom&quot;:&quot;arrow&quot;,&quot;shape_divider_top&quot;:&quot;arrow&quot;}\">\n\t\t\t\t\t<div class=\"elementor-shape elementor-shape-top\" aria-hidden=\"true\" data-negative=\"false\">\n\t\t\t<svg xmlns=\"http:\/\/www.w3.org\/2000\/svg\" viewbox=\"0 0 700 10\" preserveaspectratio=\"none\">\n\t<path class=\"elementor-shape-fill\" d=\"M350,10L340,0h20L350,10z\"\/>\n<\/svg>\t\t<\/div>\n\t\t\t\t<div class=\"elementor-shape elementor-shape-bottom\" aria-hidden=\"true\" data-negative=\"false\">\n\t\t\t<svg xmlns=\"http:\/\/www.w3.org\/2000\/svg\" viewbox=\"0 0 700 10\" preserveaspectratio=\"none\">\n\t<path class=\"elementor-shape-fill\" d=\"M350,10L340,0h20L350,10z\"\/>\n<\/svg>\t\t<\/div>\n\t\t\t\t\t<div class=\"elementor-container elementor-column-gap-default\">\n\t\t\t\t\t<div class=\"elementor-column elementor-col-100 elementor-top-column elementor-element elementor-element-18e17ac2\" data-id=\"18e17ac2\" data-element_type=\"column\" data-e-type=\"column\">\n\t\t\t<div class=\"elementor-widget-wrap elementor-element-populated\">\n\t\t\t\t\t\t<div class=\"elementor-element elementor-element-9418df elementor-widget elementor-widget-heading\" data-id=\"9418df\" data-element_type=\"widget\" data-e-type=\"widget\" data-widget_type=\"heading.default\">\n\t\t\t\t<div class=\"elementor-widget-container\">\n\t\t\t\t\t<h3 class=\"elementor-heading-title elementor-size-default\">Passion et fiert\u00e9 depuis 1991<\/h3>\t\t\t\t<\/div>\n\t\t\t\t<\/div>\n\t\t\t\t<div class=\"elementor-element elementor-element-7a6562ed elementor-widget elementor-widget-video\" data-id=\"7a6562ed\" data-element_type=\"widget\" data-e-type=\"widget\" data-settings=\"{&quot;youtube_url&quot;:&quot;https:\\\/\\\/www.youtube.com\\\/watch?v=tBhGIJjkUO4&quot;,&quot;autoplay&quot;:&quot;yes&quot;,&quot;yt_privacy&quot;:&quot;yes&quot;,&quot;play_on_mobile&quot;:&quot;yes&quot;,&quot;loop&quot;:&quot;yes&quot;,&quot;video_type&quot;:&quot;youtube&quot;}\" data-widget_type=\"video.default\">\n\t\t\t\t<div class=\"elementor-widget-container\">\n\t\t\t\t\t\t\t<div class=\"elementor-wrapper elementor-open-inline\">\n\t\t\t<div class=\"elementor-video\"><\/div>\t\t<\/div>\n\t\t\t\t\t\t<\/div>\n\t\t\t\t<\/div>\n\t\t\t\t<div class=\"elementor-element elementor-element-1fa0f0c9 elementor-widget elementor-widget-testimonial\" data-id=\"1fa0f0c9\" data-element_type=\"widget\" data-e-type=\"widget\" data-widget_type=\"testimonial.default\">\n\t\t\t\t<div class=\"elementor-widget-container\">\n\t\t\t\t\t\t\t<div class=\"elementor-testimonial-wrapper\">\n\t\t\t\t\t\t\t<div class=\"elementor-testimonial-content\">\"En 1991, quand nous avons commenc\u00e9, c'\u00e9tait un one man show, j'\u00e9tais le vendeur, l'installateur, le technicien et le m\u00e9canicien. J'ai commenc\u00e9 avec seulement des tournevis de base et un jeu de cl\u00e9s \u00e0 cliquet. Depuis, \u00e7a n'a cess\u00e9 de grandir\"<\/div>\n\t\t\t\n\t\t\t\t\t\t<div class=\"elementor-testimonial-meta\">\n\t\t\t\t<div class=\"elementor-testimonial-meta-inner\">\n\t\t\t\t\t\n\t\t\t\t\t\t\t\t\t\t<div class=\"elementor-testimonial-details\">\n\t\t\t\t\t\t\t\t\t\t\t\t\t\t<div class=\"elementor-testimonial-name\">Ray Degani<\/div>\n\t\t\t\t\t\t\t\t\t\t\t\t\t\t\t\t\t\t\t\t\t\t<div class=\"elementor-testimonial-job\">Propri\u00e9taire et Fondateur, Dynamique Auto Son - Performance<\/div>\n\t\t\t\t\t\t\t\t\t\t\t\t\t<\/div>\n\t\t\t\t\t\t\t\t\t<\/div>\n\t\t\t<\/div>\n\t\t\t\t\t<\/div>\n\t\t\t\t\t\t<\/div>\n\t\t\t\t<\/div>\n\t\t\t\t<div class=\"elementor-element elementor-element-ac86374 elementor-widget elementor-widget-text-editor\" data-id=\"ac86374\" data-element_type=\"widget\" data-e-type=\"widget\" data-widget_type=\"text-editor.default\">\n\t\t\t\t<div class=\"elementor-widget-container\">\n\t\t\t\t\t\t\t\t\t<p><span lang=\"EN-US\">Dynamic Auto Sound - Performance est un d\u00e9taillant, un installateur et un atelier de r\u00e9glage de pi\u00e8ces de performance personnalis\u00e9es bas\u00e9 \u00e0 Montr\u00e9al. \u00c9tabli en 1991 et faisant partie de l'industrie depuis plus de 29 ans, nous offrons certaines des marques les plus connues de l'industrie, des conseillers experts et une installation professionnelle. Dynamic Auto Sound - Performance a \u00e9t\u00e9 cr\u00e9\u00e9 pour l'amour et la passion des automobiles. Pour la satisfaction que vous ressentez lorsque vous avez cr\u00e9\u00e9 quelque chose que vous vouliez, quelque chose de diff\u00e9rent de tout le monde, quelque chose qui vous repr\u00e9sente.<\/span><\/p><p><span lang=\"EN-US\">Ayant travaill\u00e9 sur tout, des petites voitures aux supercars en passant par les yachts, les camping-cars, les camions Freightliner et tout le reste, Dynamic Auto Sound - Performance fera de vos projets de r\u00eave une r\u00e9alit\u00e9. Des passionn\u00e9s de voitures de tous les jours aux c\u00e9l\u00e9brit\u00e9s comme les v\u00e9hicules d'Adonis Superman Stevenson, par exemple : Mercedes G63, Bentley, Rolls Royce Ghost et GMC Denali, m\u00eame les superstars font confiance \u00e0 Dynamique Auto Son-Performance avec leurs voitures pr\u00e9f\u00e9r\u00e9es.<\/span><\/p><p><span style=\"font-size: 14px; background-color: transparent;\">Notre installation est de 8400 pieds carr\u00e9s, 3500 pieds carr\u00e9s. ft. de ceci est notre salle d'exposition, a \u00e9t\u00e9 con\u00e7u pour amener l'exp\u00e9rience de vente au d\u00e9tail \u00e0 un nouveau sommet. Avec des dizaines fabricants avec lesquels jouer, tels que le d\u00e9bitm\u00e8tre d'air K&amp;N Filters, les programmeurs de Gforce ,Hypertech, Sprint Booster, les jauges Prosport, Edge racing, Viper Smart Start, Superchips, Curb Alert Pro, \u00e9crans interactifs Clarion Electronics dans Est du Canada, il est temps de porter votre exp\u00e9rience de magasinage \u00e0 un tout autre niveau. Discutez avec l'un de nos sp\u00e9cialistes automobiles comp\u00e9tents et b\u00e9n\u00e9ficiez d'un Red Bull gratuit.<\/span><\/p>\t\t\t\t\t\t\t\t<\/div>\n\t\t\t\t<\/div>\n\t\t\t\t\t<\/div>\n\t\t<\/div>\n\t\t\t\t\t<\/div>\n\t\t<\/section>\n\t\t\t\t<section class=\"elementor-section elementor-top-section elementor-element elementor-element-22b97016 elementor-section-content-middle elementor-hidden-phone elementor-section-boxed elementor-section-height-default elementor-section-height-default\" data-id=\"22b97016\" data-element_type=\"section\" data-e-type=\"section\" data-settings=\"{&quot;background_background&quot;:&quot;classic&quot;}\">\n\t\t\t\t\t\t<div class=\"elementor-container elementor-column-gap-default\">\n\t\t\t\t\t<div class=\"elementor-column elementor-col-33 elementor-top-column elementor-element elementor-element-402dc96\" data-id=\"402dc96\" data-element_type=\"column\" data-e-type=\"column\">\n\t\t\t<div class=\"elementor-widget-wrap elementor-element-populated\">\n\t\t\t\t\t\t<div class=\"elementor-element elementor-element-753d67c8 elementor-widget elementor-widget-image\" data-id=\"753d67c8\" data-element_type=\"widget\" data-e-type=\"widget\" data-widget_type=\"image.default\">\n\t\t\t\t<div class=\"elementor-widget-container\">\n\t\t\t\t\t\t\t\t\t\t\t\t\t\t\t<img fetchpriority=\"high\" decoding=\"async\" width=\"768\" height=\"120\" src=\"https:\/\/dynamiqueautoson-performance.com\/wp-content\/uploads\/2018\/11\/dynamique-logowhite-768x120.png\" class=\"attachment-medium_large size-medium_large wp-image-660\" alt=\"\" srcset=\"https:\/\/dynamiqueautoson-performance.com\/wp-content\/uploads\/2018\/11\/dynamique-logowhite-768x120.png 768w, https:\/\/dynamiqueautoson-performance.com\/wp-content\/uploads\/2018\/11\/dynamique-logowhite-300x47.png 300w, https:\/\/dynamiqueautoson-performance.com\/wp-content\/uploads\/2018\/11\/dynamique-logowhite-1024x159.png 1024w, https:\/\/dynamiqueautoson-performance.com\/wp-content\/uploads\/2018\/11\/dynamique-logowhite.png 1349w\" sizes=\"(max-width: 768px) 100vw, 768px\" \/>\t\t\t\t\t\t\t\t\t\t\t\t\t\t\t<\/div>\n\t\t\t\t<\/div>\n\t\t\t\t\t<\/div>\n\t\t<\/div>\n\t\t\t\t<div class=\"elementor-column elementor-col-33 elementor-top-column elementor-element elementor-element-a7ab101\" data-id=\"a7ab101\" data-element_type=\"column\" data-e-type=\"column\">\n\t\t\t<div class=\"elementor-widget-wrap elementor-element-populated\">\n\t\t\t\t\t\t<div class=\"elementor-element elementor-element-76907d1b elementor-widget elementor-widget-wp-widget-ocean_custom_menu\" data-id=\"76907d1b\" data-element_type=\"widget\" data-e-type=\"widget\" data-widget_type=\"wp-widget-ocean_custom_menu.default\">\n\t\t\t\t<div class=\"elementor-widget-container\">\n\t\t\t\t\t<style type=\"text\/css\">.ocean_custom_menu-REPLACE_TO_ID > ul > li > a, .custom-menu-widget .ocean_custom_menu-REPLACE_TO_ID .dropdown-menu .sub-menu li a.menu-link{padding:5px;color:#f9f9f9;}.custom-menu-widget .ocean_custom_menu-REPLACE_TO_ID.oceanwp-custom-menu > ul.click-menu .open-this{color:#f9f9f9;}.ocean_custom_menu-REPLACE_TO_ID > ul > li > a:hover, .custom-menu-widget .ocean_custom_menu-REPLACE_TO_ID .dropdown-menu .sub-menu li a.menu-link:hover{color:#aaaaaa;}.custom-menu-widget .ocean_custom_menu-REPLACE_TO_ID.oceanwp-custom-menu > ul.click-menu .open-this:hover{color:#aaaaaa;}<\/style><div class=\"oceanwp-custom-menu clr ocean_custom_menu-REPLACE_TO_ID center dropdown-hover\"><ul id=\"menu-main\" class=\"dropdown-menu sf-menu\"><li  id=\"menu-item-686\" class=\"menu-item menu-item-type-post_type menu-item-object-page menu-item-home menu-item-686\"><a href=\"https:\/\/dynamiqueautoson-performance.com\/fr\/\" class=\"menu-link\">Accueil<\/a><\/li>\n<li  id=\"menu-item-677\" class=\"menu-item menu-item-type-post_type menu-item-object-page menu-item-677\"><a href=\"https:\/\/dynamiqueautoson-performance.com\/fr\/services\/\" class=\"menu-link\">Services<\/a><\/li>\n<li  id=\"menu-item-673\" class=\"menu-item menu-item-type-post_type menu-item-object-page menu-item-673\"><a href=\"https:\/\/dynamiqueautoson-performance.com\/fr\/brands\/\" class=\"menu-link\">Marques<\/a><\/li>\n<li  id=\"menu-item-675\" class=\"menu-item menu-item-type-post_type menu-item-object-page menu-item-675\"><a href=\"https:\/\/dynamiqueautoson-performance.com\/fr\/gallery\/\" class=\"menu-link\">Galerie<\/a><\/li>\n<li  id=\"menu-item-672\" class=\"menu-item menu-item-type-post_type menu-item-object-page menu-item-672\"><a href=\"https:\/\/dynamiqueautoson-performance.com\/fr\/about\/\" class=\"menu-link\">\u00c0 propos<\/a><\/li>\n<li  id=\"menu-item-674\" class=\"menu-item menu-item-type-post_type menu-item-object-page menu-item-674\"><a href=\"https:\/\/dynamiqueautoson-performance.com\/fr\/contact\/\" class=\"menu-link\">Contactez-nous<\/a><\/li>\n<\/ul><\/div>\t\t\t\t<\/div>\n\t\t\t\t<\/div>\n\t\t\t\t\t<\/div>\n\t\t<\/div>\n\t\t\t\t<div class=\"elementor-column elementor-col-33 elementor-top-column elementor-element elementor-element-3158b6f9\" data-id=\"3158b6f9\" data-element_type=\"column\" data-e-type=\"column\">\n\t\t\t<div class=\"elementor-widget-wrap elementor-element-populated\">\n\t\t\t\t\t\t<div class=\"elementor-element elementor-element-3d5404d3 e-grid-align-right elementor-shape-rounded elementor-grid-0 elementor-widget elementor-widget-social-icons\" data-id=\"3d5404d3\" data-element_type=\"widget\" data-e-type=\"widget\" data-widget_type=\"social-icons.default\">\n\t\t\t\t<div class=\"elementor-widget-container\">\n\t\t\t\t\t\t\t<div class=\"elementor-social-icons-wrapper elementor-grid\">\n\t\t\t\t\t\t\t<span class=\"elementor-grid-item\">\n\t\t\t\t\t<a class=\"elementor-icon elementor-social-icon elementor-social-icon-facebook elementor-repeater-item-anfijff\" href=\"https:\/\/www.facebook.com\/dynamiqueauto\" target=\"_blank\">\n\t\t\t\t\t\t<span class=\"elementor-screen-only\">Facebook<\/span>\n\t\t\t\t\t\t\t\t\t\t\t\t\t<i class=\"fa fa-facebook\" aria-hidden=\"true\"><\/i>\n\t\t\t\t\t\t\t\t\t\t\t<\/a>\n\t\t\t\t<\/span>\n\t\t\t\t\t<\/div>\n\t\t\t\t\t\t<\/div>\n\t\t\t\t<\/div>\n\t\t\t\t\t<\/div>\n\t\t<\/div>\n\t\t\t\t\t<\/div>\n\t\t<\/section>\n\t\t\t\t<\/div>","protected":false},"excerpt":{"rendered":"<p>About Us Our history Passion and pride since 1991 &#8220;Back in 1991 when we started, It was a one man show, I was the salesman, installer, Technician and mechanic. I started with only basic screwdrivers and a ratchet set. It&#8217;s been uphill ever since&#8221; Ray Degani Owner &amp; Founder, Dynamic Auto Sound &#8211; Performance Dynamic [&hellip;]<\/p>\n","protected":false},"author":1,"featured_media":0,"parent":0,"menu_order":0,"comment_status":"closed","ping_status":"closed","template":"","meta":{"ocean_post_layout":"full-screen","ocean_both_sidebars_style":"","ocean_both_sidebars_content_width":0,"ocean_both_sidebars_sidebars_width":0,"ocean_sidebar":"0","ocean_second_sidebar":"0","ocean_disable_margins":"enable","ocean_add_body_class":"","ocean_shortcode_before_top_bar":"","ocean_shortcode_after_top_bar":"","ocean_shortcode_before_header":"","ocean_shortcode_after_header":"","ocean_has_shortcode":"","ocean_shortcode_after_title":"","ocean_shortcode_before_footer_widgets":"","ocean_shortcode_after_footer_widgets":"","ocean_shortcode_before_footer_bottom":"","ocean_shortcode_after_footer_bottom":"","ocean_display_top_bar":"default","ocean_display_header":"default","ocean_header_style":"","ocean_center_header_left_menu":"0","ocean_custom_header_template":"0","ocean_custom_logo":0,"ocean_custom_retina_logo":0,"ocean_custom_logo_max_width":0,"ocean_custom_logo_tablet_max_width":0,"ocean_custom_logo_mobile_max_width":0,"ocean_custom_logo_max_height":0,"ocean_custom_logo_tablet_max_height":0,"ocean_custom_logo_mobile_max_height":0,"ocean_header_custom_menu":"0","ocean_menu_typo_font_family":"0","ocean_menu_typo_font_subset":"","ocean_menu_typo_font_size":0,"ocean_menu_typo_font_size_tablet":0,"ocean_menu_typo_font_size_mobile":0,"ocean_menu_typo_font_size_unit":"px","ocean_menu_typo_font_weight":"","ocean_menu_typo_font_weight_tablet":"","ocean_menu_typo_font_weight_mobile":"","ocean_menu_typo_transform":"","ocean_menu_typo_transform_tablet":"","ocean_menu_typo_transform_mobile":"","ocean_menu_typo_line_height":0,"ocean_menu_typo_line_height_tablet":0,"ocean_menu_typo_line_height_mobile":0,"ocean_menu_typo_line_height_unit":"","ocean_menu_typo_spacing":0,"ocean_menu_typo_spacing_tablet":0,"ocean_menu_typo_spacing_mobile":0,"ocean_menu_typo_spacing_unit":"","ocean_menu_link_color":"","ocean_menu_link_color_hover":"","ocean_menu_link_color_active":"","ocean_menu_link_background":"","ocean_menu_link_hover_background":"","ocean_menu_link_active_background":"","ocean_menu_social_links_bg":"","ocean_menu_social_hover_links_bg":"","ocean_menu_social_links_color":"","ocean_menu_social_hover_links_color":"","ocean_disable_title":"on","ocean_disable_heading":"default","ocean_post_title":"","ocean_post_subheading":"","ocean_post_title_style":"","ocean_post_title_background_color":"","ocean_post_title_background":0,"ocean_post_title_bg_image_position":"","ocean_post_title_bg_image_attachment":"","ocean_post_title_bg_image_repeat":"","ocean_post_title_bg_image_size":"","ocean_post_title_height":0,"ocean_post_title_bg_overlay":0.5,"ocean_post_title_bg_overlay_color":"","ocean_disable_breadcrumbs":"default","ocean_breadcrumbs_color":"","ocean_breadcrumbs_separator_color":"","ocean_breadcrumbs_links_color":"","ocean_breadcrumbs_links_hover_color":"","ocean_display_footer_widgets":"off","ocean_display_footer_bottom":"default","ocean_custom_footer_template":"0","footnotes":""},"class_list":["post-2","page","type-page","status-publish","hentry","entry"],"_links":{"self":[{"href":"https:\/\/dynamiqueautoson-performance.com\/fr\/wp-json\/wp\/v2\/pages\/2","targetHints":{"allow":["GET"]}}],"collection":[{"href":"https:\/\/dynamiqueautoson-performance.com\/fr\/wp-json\/wp\/v2\/pages"}],"about":[{"href":"https:\/\/dynamiqueautoson-performance.com\/fr\/wp-json\/wp\/v2\/types\/page"}],"author":[{"embeddable":true,"href":"https:\/\/dynamiqueautoson-performance.com\/fr\/wp-json\/wp\/v2\/users\/1"}],"replies":[{"embeddable":true,"href":"https:\/\/dynamiqueautoson-performance.com\/fr\/wp-json\/wp\/v2\/comments?post=2"}],"version-history":[{"count":28,"href":"https:\/\/dynamiqueautoson-performance.com\/fr\/wp-json\/wp\/v2\/pages\/2\/revisions"}],"predecessor-version":[{"id":1180,"href":"https:\/\/dynamiqueautoson-performance.com\/fr\/wp-json\/wp\/v2\/pages\/2\/revisions\/1180"}],"wp:attachment":[{"href":"https:\/\/dynamiqueautoson-performance.com\/fr\/wp-json\/wp\/v2\/media?parent=2"}],"curies":[{"name":"wp","href":"https:\/\/api.w.org\/{rel}","templated":true}]}}